{"id":60,"date":"2023-08-30T13:02:50","date_gmt":"2023-08-30T13:02:50","guid":{"rendered":"https:\/\/www.praxisgemeinschaft-psychotherapie.ch\/praxis\/?page_id=60"},"modified":"2023-08-31T06:25:19","modified_gmt":"2023-08-31T06:25:19","slug":"datenschutz","status":"publish","type":"page","link":"https:\/\/www.praxisgemeinschaft-psychotherapie.ch\/praxis\/datenschutz\/","title":{"rendered":"Datenschutz"},"content":{"rendered":"\n<p class=\"has-background\" style=\"background-color:#e1e1e1\">Aufgrund des neuen Datenschutzgesetzes in der Schweiz 1.9.2023, f\u00fchren wir laufend Anpassungen und Abkl\u00e4rungen durch, um auch einen m\u00f6glichst rechtskonformen Datenschutz vorweisen zu k\u00f6nnen.<\/p>\n\n\n\n<p>Die nachfolgende Datenschutzerkl\u00e4rung gilt f\u00fcr die Nutzung unserer Webseite sowie der darauf angebotenen Dienstleistungen. Die vorliegende Datenschutzerkl\u00e4rung informiert Sie \u00fcber die Bearbeitung personenbezogener Daten w\u00e4hrend Ihres Besuchs auf dieser Webseite.<br>Die Bearbeitung Ihrer personenbezogenen Daten geschehen unter Beachtung der geltenden datenschutzrechtlichen Gesetze und Anforderungen.<\/p>\n\n\n\n<h2>Erfassung von allgemeinen Daten und Informationen<\/h2>\n\n\n\n<p>Mit jedem Aufruf unserer Webseite werden eine Reihe von allgemeinen Daten und Informationen erfasst, auch solche, die einen Personenbezug haben. Diese Daten und Informationen werden in den Logfiles des Servers gespeichert. Erfasst werden k\u00f6nnen die verwendeten Browsertypen und Versionen, das vom zugreifenden System verwendete Betriebssystem, die Webseite, von welcher ein zugreifendes System auf unsere Webseite gelangt (sogenannte Referrer), die Unterwebseiten, welche \u00fcber ein zugreifendes System auf unserer Webseite angesteuert werden, das Datum und die Uhrzeit eines Zugriffs auf die Webseite, eine Internet-Protokoll-Adresse (IP-Adresse), der Internet-Service-Provider des zugreifenden Systems und sonstige \u00e4hnliche Daten und Informationen, die der Gefahrenabwehr im Falle von Angriffen auf unsere IT-Infrastruktur dienen.<\/p>\n\n\n\n<h2>Personendaten<\/h2>\n\n\n\n<p>Personendaten sind alle Angaben, die sich auf bestimmte oder bestimmbare Personen beziehen. Die Bearbeitung umfasst jeden Umgang mit Personendaten, insbesondere das Aufbewahren, Bekanntgeben, Beschaffen, Erheben, L\u00f6schen, Speichern, Ver\u00e4ndern, Vernichten und Verwenden.<\/p>\n\n\n\n<h2>Art, Zweck und Umfang der Bearbeitung<\/h2>\n\n\n\n<p>Mit der Nutzung dieser Webseite erkl\u00e4ren Sie sich mit der Bearbeitung Ihrer Personendaten gem\u00e4ss der vorliegenden Datenschutzerkl\u00e4rung einverstanden. Es werden nur solche Personendaten bearbeitet, die notwendig sind, um die Inhalte der Webseite korrekt darzustellen, die Inhalte der Webseite zu optimieren, die dauerhafte Funktionsf\u00e4higkeit der IT-Infrastruktur und der Technik der Webseite zu gew\u00e4hrleisten sowie um im Falle eines Cyberangriffes den Strafverfolgungsbeh\u00f6rden die notwendigen Informationen bereitzustellen. Die Personendaten werden f\u00fcr die Dauer bearbeitet, die f\u00fcr den eben erw\u00e4hnten Zweck erforderlich ist. Personendaten, deren Bearbeitung nicht mehr erforderlich ist, werden anonymisiert oder gel\u00f6scht.<\/p>\n\n\n\n<h2>Datensicherheit und Haftung<\/h2>\n\n\n\n<p>Es werden angemessene sowie geeignete technische und organisatorische Massnahmen getroffen, um den Datenschutz und die Datensicherheit zu gew\u00e4hrleisten. Trotz solcher Massnahmen kann es bei der Bearbeitung von Personendaten im Internet zu Verletzungen des Datenschutzes kommen. Daher k\u00f6nnen wir keine absolute Datensicherheit gew\u00e4hrleisten und lehnen jegliche Haftung bei der Nutzung dieser Webseite ab (auch f\u00fcr verlinkte Webseiten).<\/p>\n\n\n\n<h2>Links anderer Webseiten<\/h2>\n\n\n\n<p>Diese Webseite kann Links zu Webseiten anderer Anbieter enthalten. Unsere Praxis hat keinen Einfluss auf diese Webseiten, deren Inhalte, Angebote oder Verf\u00fcgbarkeit oder die dort geltenden Datenschutzerkl\u00e4rungen und -bestimmungen.<\/p>\n\n\n\n<h2>Cookies und weitere Serviceangebote<\/h2>\n\n\n\n<p>Unsere Psychologiepraxis kann auf ihrer Webseite Cookies verwenden. Cookies enthalten eine sogenannte Cookie-ID, eine eindeutige Kennung des Cookies, welche Webseiten und Server einem konkreten Internetbrowser zuordnet. Ein bestimmter Internetbrowser kann \u00fcber diese eindeutige Cookie-ID wiedererkannt und identifiziert werden.<\/p>\n\n\n\n<h2>Kommunikationsm\u00f6glichkeiten<\/h2>\n\n\n\n<p>Die Webseite unserer Praxis enth\u00e4lt gewisse Angaben, die eine schnelle elektronische Kontaktaufnahme sowie eine unmittelbare Kommunikation erm\u00f6glichen, was ebenfalls eine allgemeine E-Mail-Adresse umfasst. Nehmen Sie \u00fcber die auf unserer Webseite angebotenen Kommunikationsm\u00f6glichkeiten Kontakt mit uns auf, werden Ihre Kontaktangaben und Inhalte lediglich zur Bearbeitung und Beantwortung Ihrer Anfrage verwendet. Bitte beachten Sie: Es kann nicht sichergestellt werden, dass Ihre Daten vertraulich \u00fcbermittelt werden. Deshalb sollen bei dieser Kontaktaufnahme keine vertraulichen Daten (pers\u00f6nliche oder gesundheitliche Anliegen etc.) \u00fcbermittelt werden.<\/p>\n\n\n\n<h2>Ihre Rechte<\/h2>\n\n\n\n<p>Gest\u00fctzt auf das Datenschutzgesetz haben Sie verschiedene Rechte wie beispielsweise ein Recht auf Auskunft sowie das Recht auf Berichtigung, L\u00f6schung oder Sperrung der bearbeiteten Personendaten. Zur Geltendmachung Ihrer Rechte setzen Sie sich bitte mit der Praxis in Verbindung. Wir stehen Ihnen f\u00fcr weitere diesbez\u00fcgliche Informationen gerne zur Verf\u00fcgung.<\/p>\n\n\n\n<h2>\u00c4nderungen<\/h2>\n\n\n\n<p>Unsere Praxis kann diese Datenschutzerkl\u00e4rung jederzeit ohne Vorank\u00fcndigung anpassen. Es gilt die jeweils aktuelle, auf unserer Webseite publizierte Fassung. Soweit die Datenschutzerkl\u00e4rung Teil eines Vertrages mit Ihnen ist, werden wir Sie im Falle einer Aktualisierung \u00fcber die \u00c4nderung per E-Mail oder auf andere geeignete Weise informieren.<\/p>\n\n\n\n<p>Datum, 01.09.2023, D. Gassmann und S. Tholen<\/p>\n","protected":false},"excerpt":{"rendered":"<p>Aufgrund des neuen Datenschutzgesetzes in der Schweiz 1.9.2023, f\u00fchren wir laufend Anpassungen und Abkl\u00e4rungen durch, um auch einen m\u00f6glichst rechtskonformen Datenschutz vorweisen zu k\u00f6nnen. Die nachfolgende Datenschutzerkl\u00e4rung gilt f\u00fcr die Nutzung unserer Webseite sowie der darauf angebotenen Dienstleistungen. Die vorliegende Datenschutzerkl\u00e4rung informiert Sie \u00fcber die Bearbeitung personenbezogener Daten w\u00e4hrend Ihres Besuchs auf dieser Webseite.Die Bearbeitung [&hellip;]<\/p>\n","protected":false},"author":1,"featured_media":0,"parent":0,"menu_order":0,"comment_status":"closed","ping_status":"closed","template":"","meta":[],"yoast_head":"<!-- This site is optimized with the Yoast SEO plugin v15.2.1 - https:\/\/yoast.com\/wordpress\/plugins\/seo\/ -->\n<meta name=\"description\" content=\"Willkommen! Die Praxisgemeinschaft f\u00fcr Psychotherapie - Bundesgasse 16, 3011 Bern, Schweiz. Angebot: Psychotherapie, Selbsterfahrung, Supervision und Weiterbildung.\" \/>\n<meta name=\"robots\" content=\"index, follow, max-snippet:-1, max-image-preview:large, max-video-preview:-1\" \/>\n<link rel=\"canonical\" href=\"https:\/\/www.praxisgemeinschaft-psychotherapie.ch\/praxis\/datenschutz\/\" \/>\n<meta property=\"og:locale\" content=\"en_US\" \/>\n<meta property=\"og:type\" content=\"article\" \/>\n<meta property=\"og:title\" content=\"Praxisgemeinschaft f\u00fcr Psychotherapie - Bundesgasse, Bern, Schweiz\" \/>\n<meta property=\"og:description\" content=\"Willkommen! Die Praxisgemeinschaft f\u00fcr Psychotherapie - Bundesgasse 16, 3011 Bern, Schweiz. Angebot: Psychotherapie, Selbsterfahrung, Supervision und Weiterbildung.\" \/>\n<meta property=\"og:url\" content=\"https:\/\/www.praxisgemeinschaft-psychotherapie.ch\/praxis\/datenschutz\/\" \/>\n<meta property=\"og:site_name\" content=\"Praxisgemeinschaft f\u00fcr Psychotherapie\" \/>\n<meta property=\"article:modified_time\" content=\"2023-08-31T06:25:19+00:00\" \/>\n<meta name=\"twitter:label1\" content=\"Written by\">\n\t<meta name=\"twitter:data1\" content=\"admin\">\n\t<meta name=\"twitter:label2\" content=\"Est. reading time\">\n\t<meta name=\"twitter:data2\" content=\"3 minutes\">\n<script type=\"application\/ld+json\" class=\"yoast-schema-graph\">{\"@context\":\"https:\/\/schema.org\",\"@graph\":[{\"@type\":\"WebSite\",\"@id\":\"https:\/\/www.praxisgemeinschaft-psychotherapie.ch\/praxis\/#website\",\"url\":\"https:\/\/www.praxisgemeinschaft-psychotherapie.ch\/praxis\/\",\"name\":\"Praxisgemeinschaft f\\u00fcr Psychotherapie\",\"description\":\"Just another WordPress site\",\"potentialAction\":[{\"@type\":\"SearchAction\",\"target\":\"https:\/\/www.praxisgemeinschaft-psychotherapie.ch\/praxis\/?s={search_term_string}\",\"query-input\":\"required name=search_term_string\"}],\"inLanguage\":\"en-US\"},{\"@type\":\"WebPage\",\"@id\":\"https:\/\/www.praxisgemeinschaft-psychotherapie.ch\/praxis\/datenschutz\/#webpage\",\"url\":\"https:\/\/www.praxisgemeinschaft-psychotherapie.ch\/praxis\/datenschutz\/\",\"name\":\"Praxisgemeinschaft f\\u00fcr Psychotherapie - Bundesgasse, Bern, Schweiz\",\"isPartOf\":{\"@id\":\"https:\/\/www.praxisgemeinschaft-psychotherapie.ch\/praxis\/#website\"},\"datePublished\":\"2023-08-30T13:02:50+00:00\",\"dateModified\":\"2023-08-31T06:25:19+00:00\",\"description\":\"Willkommen! Die Praxisgemeinschaft f\\u00fcr Psychotherapie - Bundesgasse 16, 3011 Bern, Schweiz. Angebot: Psychotherapie, Selbsterfahrung, Supervision und Weiterbildung.\",\"inLanguage\":\"en-US\",\"potentialAction\":[{\"@type\":\"ReadAction\",\"target\":[\"https:\/\/www.praxisgemeinschaft-psychotherapie.ch\/praxis\/datenschutz\/\"]}]}]}<\/script>\n<!-- \/ Yoast SEO plugin. -->","_links":{"self":[{"href":"https:\/\/www.praxisgemeinschaft-psychotherapie.ch\/praxis\/wp-json\/wp\/v2\/pages\/60"}],"collection":[{"href":"https:\/\/www.praxisgemeinschaft-psychotherapie.ch\/praxis\/wp-json\/wp\/v2\/pages"}],"about":[{"href":"https:\/\/www.praxisgemeinschaft-psychotherapie.ch\/praxis\/wp-json\/wp\/v2\/types\/page"}],"author":[{"embeddable":true,"href":"https:\/\/www.praxisgemeinschaft-psychotherapie.ch\/praxis\/wp-json\/wp\/v2\/users\/1"}],"replies":[{"embeddable":true,"href":"https:\/\/www.praxisgemeinschaft-psychotherapie.ch\/praxis\/wp-json\/wp\/v2\/comments?post=60"}],"version-history":[{"count":3,"href":"https:\/\/www.praxisgemeinschaft-psychotherapie.ch\/praxis\/wp-json\/wp\/v2\/pages\/60\/revisions"}],"predecessor-version":[{"id":68,"href":"https:\/\/www.praxisgemeinschaft-psychotherapie.ch\/praxis\/wp-json\/wp\/v2\/pages\/60\/revisions\/68"}],"wp:attachment":[{"href":"https:\/\/www.praxisgemeinschaft-psychotherapie.ch\/praxis\/wp-json\/wp\/v2\/media?parent=60"}],"curies":[{"name":"wp","href":"https:\/\/api.w.org\/{rel}","templated":true}]}}